{"id":923,"date":"2022-03-17T14:28:44","date_gmt":"2022-03-17T14:28:44","guid":{"rendered":"https:\/\/wordpressriverthemes.com\/tanda-elem\/?page_id=923"},"modified":"2023-05-24T11:05:55","modified_gmt":"2023-05-24T09:05:55","slug":"home-version-five","status":"publish","type":"page","link":"https:\/\/proinspektor.pl\/","title":{"rendered":"Home Version Five"},"content":{"rendered":"\t\t<div data-elementor-type=\"wp-page\" data-elementor-id=\"923\" class=\"elementor elementor-923\">\n\t\t\t\t\t\t\t\t\t<section class=\"elementor-section elementor-top-section elementor-element elementor-element-60ab50d elementor-section-full_width elementor-section-height-default elementor-section-height-default\" data-id=\"60ab50d\" data-element_type=\"section\" id=\"home\">\n\t\t\t\t\t\t<div class=\"elementor-container elementor-column-gap-no\">\n\t\t\t\t\t<div class=\"elementor-column elementor-col-100 elementor-top-column elementor-element elementor-element-7770496\" data-id=\"7770496\" data-element_type=\"column\">\n\t\t\t<div class=\"elementor-widget-wrap elementor-element-populated\">\n\t\t\t\t\t\t\t\t<div class=\"elementor-element elementor-element-946a8bc elementor-widget elementor-widget-hero5\" data-id=\"946a8bc\" data-element_type=\"widget\" data-widget_type=\"hero5.default\">\n\t\t\t\t<div class=\"elementor-widget-container\">\n\t\t\t\n       <!-- Start Banner \n    ============================================= -->\n    <div class=\"banner-area content-less bottom-shape bg-gradient text-light center-item text-color\">\n        <!-- Fixed Shape -->\n        <div class=\"fixed-shape\">\n            <img decoding=\"async\" src=\"https:\/\/proinspektor.pl\/wp-content\/themes\/tanda\/img\/shape\/waves-shape.svg\" alt=\"Shape\">\n        <\/div>\n        <!-- End Fixed Shape -->\n        <div class=\"item\">\n            <div class=\"container\">\n                <div class=\"row align-center\">\n                                    \n                    <div class=\"col-lg-6\">\n                        <div class=\"content\">\n                            <h4 class=\"wow fadeInLeft\">Centrum Us\u0142ug Wsp\u00f3lnych<\/h4>\n                            <h2 class=\"wow fadeInDown\">Kompleksowe us\u0142ugi  <strong>dla jednostek samorz\u0105du terytorialnego<\/strong><\/h2>\n                            <div class=\"bottom\">\n                                                                                            <\/div>\n                        <\/div>\n                    <\/div>\n                    <div class=\"col-lg-6 thumb\">\n                        <img decoding=\"async\" class=\"wow fadeInUp\" src=\"http:\/\/muzeo.home.pl\/autoinstalator\/wordpress8\/wp-content\/uploads\/2023\/03\/5qw.png\" alt=\"Thumb\">\n                    <\/div>\n\n                <\/div>\n            <\/div>\n        <\/div>\n        <!-- Fixed Shape -->\n        <div class=\"fixed-shape-bottom\">\n            <img decoding=\"async\" src=\"https:\/\/wordpressriverthemes.com\/tanda-elem\/wp-content\/uploads\/2022\/03\/13.png\" alt=\"Shape\">\n        <\/div>\n        <!-- End Fixed Shape -->\n    <\/div>\n    <!-- End Banner -->\n\n    \t\t<\/div>\n\t\t\t\t<\/div>\n\t\t\t\t\t<\/div>\n\t\t<\/div>\n\t\t\t\t\t\t\t<\/div>\n\t\t<\/section>\n\t\t\t\t<section class=\"elementor-section elementor-top-section elementor-element elementor-element-4c8fab6 elementor-section-full_width elementor-section-height-default elementor-section-height-default\" data-id=\"4c8fab6\" data-element_type=\"section\">\n\t\t\t\t\t\t<div class=\"elementor-container elementor-column-gap-no\">\n\t\t\t\t\t<div class=\"elementor-column elementor-col-100 elementor-top-column elementor-element elementor-element-bedf4a1\" data-id=\"bedf4a1\" data-element_type=\"column\">\n\t\t\t<div class=\"elementor-widget-wrap elementor-element-populated\">\n\t\t\t\t\t\t\t\t<div class=\"elementor-element elementor-element-d84099b elementor-widget elementor-widget-spacer\" data-id=\"d84099b\" data-element_type=\"widget\" data-widget_type=\"spacer.default\">\n\t\t\t\t<div class=\"elementor-widget-container\">\n\t\t\t<style>\/*! elementor - v3.11.5 - 14-03-2023 *\/\n.elementor-column .elementor-spacer-inner{height:var(--spacer-size)}.e-con{--container-widget-width:100%}.e-con-inner>.elementor-widget-spacer,.e-con>.elementor-widget-spacer{width:var(--container-widget-width,var(--spacer-size));--align-self:var(--container-widget-align-self,initial);--flex-shrink:0}.e-con-inner>.elementor-widget-spacer>.elementor-widget-container,.e-con-inner>.elementor-widget-spacer>.elementor-widget-container>.elementor-spacer,.e-con>.elementor-widget-spacer>.elementor-widget-container,.e-con>.elementor-widget-spacer>.elementor-widget-container>.elementor-spacer{height:100%}.e-con-inner>.elementor-widget-spacer>.elementor-widget-container>.elementor-spacer>.elementor-spacer-inner,.e-con>.elementor-widget-spacer>.elementor-widget-container>.elementor-spacer>.elementor-spacer-inner{height:var(--container-widget-height,var(--spacer-size))}<\/style>\t\t<div class=\"elementor-spacer\">\n\t\t\t<div class=\"elementor-spacer-inner\"><\/div>\n\t\t<\/div>\n\t\t\t\t<\/div>\n\t\t\t\t<\/div>\n\t\t\t\t<div class=\"elementor-element elementor-element-fb1d961 elementor-widget elementor-widget-services\" data-id=\"fb1d961\" data-element_type=\"widget\" data-widget_type=\"services.default\">\n\t\t\t\t<div class=\"elementor-widget-container\">\n\t\t\t    \n    <!-- Start Services \n    ============================================= -->\n    <div class=\"service-area default-padding-bottom bottom-less bg-cover\">\n        <!-- Fixed Shape  -->\n        <div class=\"fixed-shape-left-top\">\n            <img decoding=\"async\" src=\"https:\/\/proinspektor.pl\/wp-content\/themes\/tanda\/img\/shape\/7.png\" alt=\"Shape\">\n        <\/div>\n        <!-- End Fixed Shape  -->\n                <div class=\"container\">\n            <div class=\"row\">\n                <div class=\"col-lg-8 offset-lg-2\">\n                    <div class=\"site-heading text-center\">\n                        <h4>US\u0141UGI <\/h4>\n                        <h2>nasze obszary dzia\u0142a\u0144<\/h2>\n                    <\/div>\n                <\/div>\n            <\/div>\n        <\/div>\n                <div class=\"container\">\n            <div class=\"service-box\">\n                <div class=\"row\">\n                                        <!-- Single item -->\n                    \n                    <div class=\"col-lg-6 col-md-6 single-item\">\n                        <div class=\"item\">\n                            <div class=\"icon\">\n                                <i class=\"flaticon-cogwheel\"><\/i>\n                            <\/div>\n                            <div class=\"info\">\n                                <h4><a href=\"\">RODO<\/a><\/h4>\n                                <p>\n                                    Oferujemy kompleksowe rozwi\u0105zania z zakresu ochrony danych i bezpiecze\u0144stwa informacji.                                 <\/p>\n                            <\/div>\n                        <\/div>\n                    <\/div>\n                    <!-- End Single item -->\n\n                    <!-- Single item -->\n                    \n                    <div class=\"col-lg-6 col-md-6 single-item\">\n                        <div class=\"item\">\n                            <div class=\"icon\">\n                                <i class=\"flaticon-analysis-1\"><\/i>\n                            <\/div>\n                            <div class=\"info\">\n                                <h4><a href=\"https:\/\/wordpressriverthemes.com\/tanda-elem\/it-management\/\">BHP<\/a><\/h4>\n                                <p>\n                                    Kontrolujemy przestrzeganie procedur bezpiecze\u0144stwa i higieny pracy w zak\u0142adach pracy.                                <\/p>\n                            <\/div>\n                        <\/div>\n                    <\/div>\n                    <!-- End Single item -->\n\n                    <!-- Single item -->\n                    \n                    <div class=\"col-lg-6 col-md-6 single-item\">\n                        <div class=\"item\">\n                            <div class=\"icon\">\n                                <i class=\"flaticon-interview\"><\/i>\n                            <\/div>\n                            <div class=\"info\">\n                                <h4><a href=\"\">Doradztwo Prawne<\/a><\/h4>\n                                <p>\n                                    Obs\u0142uga prawna jednostek samorz\u0105du terytorialnego w zakresie ochrony danych.                                <\/p>\n                            <\/div>\n                        <\/div>\n                    <\/div>\n                    <!-- End Single item -->\n\n                    <!-- Single item -->\n                    \n                    <div class=\"col-lg-6 col-md-6 single-item\">\n                        <div class=\"item\">\n                            <div class=\"icon\">\n                                <i class=\"flaticon-globe-grid\"><\/i>\n                            <\/div>\n                            <div class=\"info\">\n                                <h4><a href=\"\">Audyt bezpiecze\u0144stwa<\/a><\/h4>\n                                <p>\n                                     szczeg\u00f3\u0142owe badania system\u00f3w informatycznych, wykrywanie zagro\u017ce\u0144.                                <\/p>\n                            <\/div>\n                        <\/div>\n                    <\/div>\n                    <!-- End Single item -->\n\n\n                <\/div>\n            <\/div>\n        <\/div>\n    <\/div>\n    <!-- End Services Area -->\n    \n\t\t<\/div>\n\t\t\t\t<\/div>\n\t\t\t\t\t<\/div>\n\t\t<\/div>\n\t\t\t\t\t\t\t<\/div>\n\t\t<\/section>\n\t\t\t\t<section class=\"elementor-section elementor-top-section elementor-element elementor-element-2237384 elementor-section-full_width elementor-section-height-default elementor-section-height-default\" data-id=\"2237384\" data-element_type=\"section\" id=\"about\">\n\t\t\t\t\t\t<div class=\"elementor-container elementor-column-gap-no\">\n\t\t\t\t\t<div class=\"elementor-column elementor-col-100 elementor-top-column elementor-element elementor-element-34972ff\" data-id=\"34972ff\" data-element_type=\"column\">\n\t\t\t<div class=\"elementor-widget-wrap elementor-element-populated\">\n\t\t\t\t\t\t\t\t<div class=\"elementor-element elementor-element-8f844f0 elementor-widget elementor-widget-about2\" data-id=\"8f844f0\" data-element_type=\"widget\" data-widget_type=\"about2.default\">\n\t\t\t\t<div class=\"elementor-widget-container\">\n\t\t\t\n         <!-- Star About Area\n    ============================================= -->\n    <div class=\"about-area relative reverse\">\n        <div class=\"container\">\n            <div class=\"row align-center\">\n                \n                <div class=\"col-lg-6 info\">\n                    <h5>O Nas<\/h5>\n                    <h2> Centrum Us\u0142ug Wsp\u00f3lnych <\/h2>\n                    <p>\n                        Tworzymy zesp\u00f3\u0142 do\u015bwiadczonych specjalist\u00f3w, kt\u00f3ry ma na celu dostarczanie wysokiej jako\u015bci us\u0142ug oraz rozwi\u0105za\u0144 dla jednostek samorz\u0105du terytorialnego. Nasz\u0105 misj\u0105 jest wspieranie samorz\u0105d\u00f3w w efektywnym zarz\u0105dzaniu zasobami i realizowaniu ich zada\u0144.\nZapewniamy profesjonalne wsparcie w kluczowych obszarach funkcjonowania JST.\n\nZatrudniamy ekspert\u00f3w z r\u00f3\u017cnych dziedzin, w tym: prawnik\u00f3w, informatyk\u00f3w, kontroler\u00f3w, audytor\u00f3w, pracownik\u00f3w Regionalnych Izb Obrachunkowych. Specjalizujemy si\u0119 w obs\u0142udze jednostek organizacyjnych samorz\u0105du terytorialnego\n                    <\/p>\n                    <div class=\"skill-items\">\n                        <!-- Progress Bar Start -->\n\n                        \n                        <div class=\"progress-box\">\n                            <h5>__PROINSPEKTOR<\/h5>\n                            <div class=\"progress\">\n                                <div class=\"progress-bar\" role=\"progressbar\" data-width=\"100\">\n                                     <span>100%<\/span>\n                                <\/div>\n                            <\/div>\n                        <\/div>\n\n                              \n                        <!-- End Progressbar -->\n                    <\/div>\n                <\/div>\n\n                <div class=\"col-lg-6 thumbs\">\n                    <img decoding=\"async\" src=\"http:\/\/muzeo.home.pl\/autoinstalator\/wordpress8\/wp-content\/uploads\/2023\/03\/bartek_k.png\" alt=\"Thumb\">\n                <\/div>\n\n            <\/div>\n        <\/div>\n    <\/div>\n    <!-- End About Area -->\n\n    \t\t<\/div>\n\t\t\t\t<\/div>\n\t\t\t\t\t<\/div>\n\t\t<\/div>\n\t\t\t\t\t\t\t<\/div>\n\t\t<\/section>\n\t\t\t\t<section class=\"elementor-section elementor-top-section elementor-element elementor-element-6a37df3 elementor-section-full_width elementor-section-height-default elementor-section-height-default\" data-id=\"6a37df3\" data-element_type=\"section\">\n\t\t\t\t\t\t<div class=\"elementor-container elementor-column-gap-no\">\n\t\t\t\t\t<div class=\"elementor-column elementor-col-100 elementor-top-column elementor-element elementor-element-4d6265d\" data-id=\"4d6265d\" data-element_type=\"column\">\n\t\t\t<div class=\"elementor-widget-wrap elementor-element-populated\">\n\t\t\t\t\t\t\t\t<div class=\"elementor-element elementor-element-49cdc93 elementor-widget elementor-widget-choose\" data-id=\"49cdc93\" data-element_type=\"widget\" data-widget_type=\"choose.default\">\n\t\t\t\t<div class=\"elementor-widget-container\">\n\t\t\t\n        <!-- Start Features \n    ============================================= -->\n    <div class=\"features-area overflow-hidden bg-gray default-padding\">\n        <!-- Fixed Shpae  -->\n        <div class=\"fixed-shape shape left bottom\">\n            <img decoding=\"async\" src=\"https:\/\/wordpressriverthemes.com\/tanda-elem\/wp-content\/uploads\/2022\/01\/3-1.png\" alt=\"Shape\">\n        <\/div>\n        <!-- End Fixed Shpae  -->\n        <div class=\"container\">\n            <div class=\"row align-center\">\n                <div class=\"col-lg-5 why-us\">\n                    <h5>PROINSPEKTOR<\/h5>\n                    <h2>Fachowa wiedza, prawo, wdro\u017cenia i  praktyka <\/h2>\n                    <p>\n                        Posiadamy wiedz\u0119 i umiej\u0119tno\u015bci z zakresu technicznych i organizacyjnych aspekt\u00f3w ochrony danych osobowych, bezpiecze\u0144stwa IT, prowadzenia audyt\u00f3w, oceny ryzyka oraz sporz\u0105dzania dokumentacji dotycz\u0105cej ochrony danych osobowych.                     <\/p>\n                                        <a class=\"popup-youtube relative theme video-play-button\" href=\"http:\/\/proinspektor.pl\/wp-content\/uploads\/2023\/04\/LOOP-www-Proinspektor-1.mp4\">\n                        <i class=\"fa fa-play\"><\/i> <span>Video PROinspektor<\/span>\n                    <\/a>\n                                <\/div>\n                <div class=\"col-lg-7 features-box text-center\">\n                    <div class=\"row\">\n                        \n                        <!-- Item Grid -->\n                        <div class=\"col-lg-6 col-md-6 item-grid\">\n                            <!-- Single Item -->\n                            <div class=\"item\">\n                                <i class=\"flaticon-cogwheel\"><\/i>\n                                <h5><a href=\"#\">Ochrona<\/a><\/h5>\n                                <p>\n                                     Inspektor Ochrony Danych                                <\/p>\n                            <\/div>\n                            <!-- End Single Item -->\n                            <!-- Single Item -->\n                            <div class=\"item\">\n                                <i class=\"flaticon-globe-grid\"><\/i>\n                                <h5><a href=\"#\">Bezpiecze\u0144stwo<\/a><\/h5>\n                                <p>\n                                     Pe\u0142nomocnik ds. informacji niejawnych                                <\/p>\n                            <\/div>\n                            <!-- End Single Item -->\n                        <\/div>\n                        <!-- End Item Grid -->\n\n                        \n                        <!-- Item Grid -->\n                        <div class=\"col-lg-6 col-md-6 item-grid\">\n                            <!-- Single Item -->\n                            <div class=\"item\">\n                                <i class=\"flaticon-cloud-storage\"><\/i>\n                                <h5><a href=\"#\">Cyberbezpiecze\u0144stwo<\/a><\/h5>\n                                <p>\n                                     Kontakty z podmiotami krajowego systemu cyberbezpiecze\u0144stwa\n                                <\/p>\n                            <\/div>\n                            <!-- End Single Item -->\n                            <!-- Single Item -->\n                            <div class=\"item\">\n                                <i class=\"flaticon-backup\"><\/i>\n                                <h5><a href=\"#\">Inspektor BHP<\/a><\/h5>\n                                <p>\n                                     przestrzeganie procedur bezpiecze\u0144stwa                                <\/p>\n                            <\/div>\n                            <!-- End Single Item -->\n                        <\/div>\n                        <!-- End Item Grid -->\n\n                        \n                    <\/div>\n                <\/div>\n                \n            <\/div>\n        <\/div>\n    <\/div>\n    <!-- End Features Area -->\n       \n\n    \t\t<\/div>\n\t\t\t\t<\/div>\n\t\t\t\t\t<\/div>\n\t\t<\/div>\n\t\t\t\t\t\t\t<\/div>\n\t\t<\/section>\n\t\t\t\t\t\t\t<\/div>\n\t\t","protected":false},"excerpt":{"rendered":"<p>Centrum Us\u0142ug Wsp\u00f3lnych Kompleksowe us\u0142ugi dla jednostek samorz\u0105du terytorialnego US\u0141UGI nasze obszary dzia\u0142a\u0144 RODO Oferujemy kompleksowe rozwi\u0105zania z zakresu ochrony danych i bezpiecze\u0144stwa informacji. BHP Kontrolujemy przestrzeganie procedur bezpiecze\u0144stwa i higieny pracy w zak\u0142adach pracy. Doradztwo Prawne Obs\u0142uga prawna jednostek samorz\u0105du terytorialnego w zakresie ochrony danych. Audyt bezpiecze\u0144stwa szczeg\u00f3\u0142owe badania system\u00f3w informatycznych, wykrywanie zagro\u017ce\u0144. O [&hellip;]<\/p>\n","protected":false},"author":1,"featured_media":0,"parent":0,"menu_order":0,"comment_status":"closed","ping_status":"closed","template":"page-templates\/home5.php","meta":{"footnotes":""},"class_list":["post-923","page","type-page","status-publish","hentry"],"_links":{"self":[{"href":"https:\/\/proinspektor.pl\/index.php\/wp-json\/wp\/v2\/pages\/923","targetHints":{"allow":["GET"]}}],"collection":[{"href":"https:\/\/proinspektor.pl\/index.php\/wp-json\/wp\/v2\/pages"}],"about":[{"href":"https:\/\/proinspektor.pl\/index.php\/wp-json\/wp\/v2\/types\/page"}],"author":[{"embeddable":true,"href":"https:\/\/proinspektor.pl\/index.php\/wp-json\/wp\/v2\/users\/1"}],"replies":[{"embeddable":true,"href":"https:\/\/proinspektor.pl\/index.php\/wp-json\/wp\/v2\/comments?post=923"}],"version-history":[{"count":138,"href":"https:\/\/proinspektor.pl\/index.php\/wp-json\/wp\/v2\/pages\/923\/revisions"}],"predecessor-version":[{"id":2344,"href":"https:\/\/proinspektor.pl\/index.php\/wp-json\/wp\/v2\/pages\/923\/revisions\/2344"}],"wp:attachment":[{"href":"https:\/\/proinspektor.pl\/index.php\/wp-json\/wp\/v2\/media?parent=923"}],"curies":[{"name":"wp","href":"https:\/\/api.w.org\/{rel}","templated":true}]}}